{"id":667,"date":"2021-11-02T00:03:59","date_gmt":"2021-11-01T23:03:59","guid":{"rendered":"https:\/\/www.pay-system.eu\/registracia\/"},"modified":"2021-12-21T16:24:51","modified_gmt":"2021-12-21T15:24:51","slug":"registracia","status":"publish","type":"page","link":"https:\/\/www.pay-system.eu\/bg\/registracia\/","title":{"rendered":"\u0414\u0430\u043d\u043d\u0438 \u0437\u0430 \u0440\u0435\u0433\u0438\u0441\u0442\u0440\u0430\u0446\u0438\u044f \u0437\u0430 \u0434\u043e\u0433\u043e\u0432\u043e\u0440\u0430 \u0437\u0430 \u043f\u0440\u0435\u0434\u043e\u0441\u0442\u0430\u0432\u044f\u043d\u0435 \u043d\u0430 \u0443\u0441\u0442\u0440\u043e\u0439\u0441\u0442\u0432\u0430 OBU"},"content":{"rendered":"<div class=\"everest-forms\"><div class=\"evf-container default\" id=\"evf-665\"><form id=\"evf-form-665\" class=\"everest-form\" data-formid=\"665\" data-ajax_submission=\"0\" data-keyboard_friendly_form=\"0\" method=\"post\" enctype=\"multipart\/form-data\" action=\"\/bg\/wp-json\/wp\/v2\/pages\/667\"><div class=\"evf-field-container\"><input type=\"hidden\" id=\"_wpnonce665\" name=\"_wpnonce665\" value=\"82bd67e34e\" \/><input type=\"hidden\" name=\"_wp_http_referer\" value=\"\/bg\/wp-json\/wp\/v2\/pages\/667\" \/><div class=\"evf-frontend-row\" data-row=\"row_1\" conditional_rules=\"[]\"><div class=\"evf-frontend-grid evf-grid-1\" data-grid=\"grid_1\"><div id=\"evf-665-field_6VtpcZDZts-1-container\" class=\"evf-field evf-field-text form-row validate-required\" data-required-field-message=\"This field is required.\" data-field-id=\"6VtpcZDZts-1\"><label class=\"evf-field-label\" for=\"evf-665-field_6VtpcZDZts-1\"><span class=\"evf-label\">\u041d\u0430\u0438\u043c\u0435\u043d\u043e\u0432\u0430\u043d\u0438\u0435 \u043d\u0430 \u0434\u0440\u0443\u0436\u0435\u0441\u0442\u0432\u043e\u0442\u043e<\/span> <abbr class=\"required\" title=\"Required\">*<\/abbr><\/label><input type=\"text\" id=\"evf-665-field_6VtpcZDZts-1\" class=\"input-text\" name=\"everest_forms[form_fields][6VtpcZDZts-1]\" required><\/div><div id=\"evf-665-field_zArW8wCyH8-9-container\" class=\"evf-field evf-field-email form-row validate-required validate-email\" data-required-field-message=\"Please enter a valid email address.\" data-field-id=\"zArW8wCyH8-9\"><label class=\"evf-field-label\" for=\"evf-665-field_zArW8wCyH8-9\"><span class=\"evf-label\">\u0418\u043c\u0435\u0439\u043b \u0430\u0434\u0440\u0435\u0441 \u0437\u0430 \u043a\u043e\u043d\u0442\u0430\u043a\u0442<\/span> <abbr class=\"required\" title=\"Required\">*<\/abbr><\/label><input type=\"email\" id=\"evf-665-field_zArW8wCyH8-9\" class=\"input-text\" name=\"everest_forms[form_fields][zArW8wCyH8-9]\" required ><\/div><div id=\"evf-665-field_K7x0yysF7n-23-container\" class=\"evf-field evf-field-text form-row validate-required\" data-required-field-message=\"This field is required.\" data-field-id=\"K7x0yysF7n-23\"><label class=\"evf-field-label\" for=\"evf-665-field_K7x0yysF7n-23\"><span class=\"evf-label\">\u0422\u0435\u043b\u0435\u0444\u043e\u043d\u0435\u043d \u043d\u043e\u043c\u0435\u0440 \u0437\u0430 \u043a\u043e\u043d\u0442\u0430\u043a\u0442<\/span> <abbr class=\"required\" title=\"Required\">*<\/abbr><\/label><input type=\"text\" id=\"evf-665-field_K7x0yysF7n-23\" class=\"input-text\" name=\"everest_forms[form_fields][K7x0yysF7n-23]\" required><\/div><\/div><\/div><div class=\"evf-frontend-row\" data-row=\"row_7\" conditional_rules=\"[]\"><div class=\"evf-frontend-grid evf-grid-2\" data-grid=\"grid_1\"><div id=\"evf-665-field_qKwq6LusMB-2-container\" class=\"evf-field evf-field-text form-row validate-required\" data-required-field-message=\"This field is required.\" data-field-id=\"qKwq6LusMB-2\"><label class=\"evf-field-label\" for=\"evf-665-field_qKwq6LusMB-2\"><span class=\"evf-label\">\u0418\u0434\u0435\u043d\u0442\u0438\u0444\u0438\u043a\u0430\u0446\u0438\u043e\u043d\u0435\u043d \u043d\u043e\u043c\u0435\u0440 \u043d\u0430 \u0434\u0440\u0443\u0436\u0435\u0441\u0442\u0432\u043e\u0442\u043e<\/span> <abbr class=\"required\" title=\"Required\">*<\/abbr><\/label><input type=\"text\" id=\"evf-665-field_qKwq6LusMB-2\" class=\"input-text\" name=\"everest_forms[form_fields][qKwq6LusMB-2]\" required><\/div><\/div><div class=\"evf-frontend-grid evf-grid-2\" data-grid=\"grid_2\"><div id=\"evf-665-field_iABe0WXkox-3-container\" class=\"evf-field evf-field-text form-row validate-required\" data-required-field-message=\"This field is required.\" data-field-id=\"iABe0WXkox-3\"><label class=\"evf-field-label\" for=\"evf-665-field_iABe0WXkox-3\"><span class=\"evf-label\">\u0414\u0430\u043d\u044a\u0447\u0435\u043d \u043d\u043e\u043c\u0435\u0440 <\/span> <abbr class=\"required\" title=\"Required\">*<\/abbr><\/label><input type=\"text\" id=\"evf-665-field_iABe0WXkox-3\" class=\"input-text\" name=\"everest_forms[form_fields][iABe0WXkox-3]\" required><\/div><\/div><\/div><div class=\"evf-frontend-row\" data-row=\"row_11\" conditional_rules=\"[]\"><div class=\"evf-frontend-grid evf-grid-1\" data-grid=\"grid_1\"><div id=\"evf-665-field_X0Ai84d3k9-24-container\" class=\"evf-field evf-field-text form-row\" data-field-id=\"X0Ai84d3k9-24\"><label class=\"evf-field-label\" for=\"evf-665-field_X0Ai84d3k9-24\"><span class=\"evf-label\">\u041d\u043e\u043c\u0435\u0440 \u043f\u043e \u0414\u0414\u0421<\/span> <\/label><input type=\"text\" id=\"evf-665-field_X0Ai84d3k9-24\" class=\"input-text\" name=\"everest_forms[form_fields][X0Ai84d3k9-24]\" ><\/div><\/div><\/div><div class=\"evf-frontend-row\" data-row=\"row_2\" conditional_rules=\"[]\"><div class=\"evf-frontend-grid evf-grid-2\" data-grid=\"grid_1\"><div id=\"evf-665-field_O6C2P1tS5e-4-container\" class=\"evf-field evf-field-text form-row validate-required\" data-required-field-message=\"This field is required.\" data-field-id=\"O6C2P1tS5e-4\"><label class=\"evf-field-label\" for=\"evf-665-field_O6C2P1tS5e-4\"><span class=\"evf-label\">\u0423\u043b\u0438\u0446\u0430<\/span> <abbr class=\"required\" title=\"Required\">*<\/abbr><\/label><input type=\"text\" id=\"evf-665-field_O6C2P1tS5e-4\" class=\"input-text\" name=\"everest_forms[form_fields][O6C2P1tS5e-4]\" required><\/div><\/div><div class=\"evf-frontend-grid evf-grid-2\" data-grid=\"grid_2\"><div id=\"evf-665-field_g7tyHq73uw-5-container\" class=\"evf-field evf-field-text form-row validate-required\" data-required-field-message=\"This field is required.\" data-field-id=\"g7tyHq73uw-5\"><label class=\"evf-field-label\" for=\"evf-665-field_g7tyHq73uw-5\"><span class=\"evf-label\">\u041d\u043e\u043c\u0435\u0440<\/span> <abbr class=\"required\" title=\"Required\">*<\/abbr><\/label><input type=\"text\" id=\"evf-665-field_g7tyHq73uw-5\" class=\"input-text\" name=\"everest_forms[form_fields][g7tyHq73uw-5]\" required><\/div><\/div><\/div><div class=\"evf-frontend-row\" data-row=\"row_9\" conditional_rules=\"[]\"><div class=\"evf-frontend-grid evf-grid-2\" data-grid=\"grid_1\"><div id=\"evf-665-field_4cjNJmWkDt-6-container\" class=\"evf-field evf-field-text form-row validate-required\" data-required-field-message=\"This field is required.\" data-field-id=\"4cjNJmWkDt-6\"><label class=\"evf-field-label\" for=\"evf-665-field_4cjNJmWkDt-6\"><span class=\"evf-label\">\u0413\u0440\u0430\u0434<\/span> <abbr class=\"required\" title=\"Required\">*<\/abbr><\/label><input type=\"text\" id=\"evf-665-field_4cjNJmWkDt-6\" class=\"input-text\" name=\"everest_forms[form_fields][4cjNJmWkDt-6]\" required><\/div><\/div><div class=\"evf-frontend-grid evf-grid-2\" data-grid=\"grid_2\"><div id=\"evf-665-field_e9Aba5m824-7-container\" class=\"evf-field evf-field-text form-row validate-required\" data-required-field-message=\"This field is required.\" data-field-id=\"e9Aba5m824-7\"><label class=\"evf-field-label\" for=\"evf-665-field_e9Aba5m824-7\"><span class=\"evf-label\">\u041f\u043e\u0449\u0435\u043d\u0441\u043a\u0438 \u043a\u043e\u0434<\/span> <abbr class=\"required\" title=\"Required\">*<\/abbr><\/label><input type=\"text\" id=\"evf-665-field_e9Aba5m824-7\" class=\"input-text\" name=\"everest_forms[form_fields][e9Aba5m824-7]\" required><\/div><\/div><\/div><div class=\"evf-frontend-row\" data-row=\"row_5\" conditional_rules=\"[]\"><div class=\"evf-frontend-grid evf-grid-1\" data-grid=\"grid_1\"><div id=\"evf-665-field_vk1scW5HuJ-19-container\" class=\"evf-field evf-field-text form-row validate-required\" data-required-field-message=\"This field is required.\" data-field-id=\"vk1scW5HuJ-19\"><label class=\"evf-field-label\" for=\"evf-665-field_vk1scW5HuJ-19\"><span class=\"evf-label\">\u0414\u044a\u0440\u0436\u0430\u0432\u0430<\/span> <abbr class=\"required\" title=\"Required\">*<\/abbr><\/label><input type=\"text\" id=\"evf-665-field_vk1scW5HuJ-19\" class=\"input-text\" name=\"everest_forms[form_fields][vk1scW5HuJ-19]\" required><\/div><\/div><\/div><div class=\"evf-frontend-row\" data-row=\"row_4\" conditional_rules=\"[]\"><div class=\"evf-frontend-grid evf-grid-2\" data-grid=\"grid_1\"><div id=\"evf-665-field_72Lsuuxi3A-10-container\" class=\"evf-field evf-field-first-name form-row validate-required\" data-required-field-message=\"This field is required.\" data-field-id=\"72Lsuuxi3A-10\"><label class=\"evf-field-label\" for=\"evf-665-field_72Lsuuxi3A-10\"><span class=\"evf-label\">\u0423\u043f\u044a\u043b\u043d\u043e\u043c\u043e\u0449\u0435\u043d\u043e \u043b\u0438\u0446\u0435: \u0418\u043c\u0435<\/span> <abbr class=\"required\" title=\"Required\">*<\/abbr><\/label><input type=\"text\" id=\"evf-665-field_72Lsuuxi3A-10\" class=\"input-text\" name=\"everest_forms[form_fields][72Lsuuxi3A-10]\" required><\/div><\/div><div class=\"evf-frontend-grid evf-grid-2\" data-grid=\"grid_2\"><div id=\"evf-665-field_0Cmm314ekj-11-container\" class=\"evf-field evf-field-last-name form-row validate-required\" data-required-field-message=\"This field is required.\" data-field-id=\"0Cmm314ekj-11\"><label class=\"evf-field-label\" for=\"evf-665-field_0Cmm314ekj-11\"><span class=\"evf-label\">\u0424\u0430\u043c\u0438\u043b\u0438\u044f<\/span> <abbr class=\"required\" title=\"Required\">*<\/abbr><\/label><input type=\"text\" id=\"evf-665-field_0Cmm314ekj-11\" class=\"input-text\" name=\"everest_forms[form_fields][0Cmm314ekj-11]\" required><\/div><\/div><\/div><div class=\"evf-frontend-row\" data-row=\"row_6\" conditional_rules=\"[]\"><div class=\"evf-frontend-grid evf-grid-1\" data-grid=\"grid_1\"><div id=\"evf-665-field_mwW8S80DbH-17-container\" class=\"evf-field evf-field-select form-row\" data-field-id=\"mwW8S80DbH-17\"><label class=\"evf-field-label\" for=\"evf-665-field_mwW8S80DbH-17\"><span class=\"evf-label\">\u0424\u0443\u043d\u043a\u0446\u0438\u044f<\/span> <\/label><select id=\"evf-665-field_mwW8S80DbH-17\" class=\"input-text\" name=\"everest_forms[form_fields][mwW8S80DbH-17]\" ><option value=\"\" class=\"placeholder\" disabled  selected='selected'>Vyberte funkciu<\/option><option value=\"\u010clen \u0161tatut\u00e1rneho org\u00e1nu\" >\u010clen \u0161tatut\u00e1rneho org\u00e1nu<\/option><option value=\"Splnomocnenec\" >Splnomocnenec<\/option><\/select><\/div><div id=\"evf-665-field_lMhe3nznTa-12-container\" class=\"evf-field evf-field-text form-row validate-required\" data-required-field-message=\"This field is required.\" data-field-id=\"lMhe3nznTa-12\"><label class=\"evf-field-label\" for=\"evf-665-field_lMhe3nznTa-12\"><span class=\"evf-label\">\u0411\u0430\u043d\u043a\u0430 (\u0418\u043c\u0435)<\/span> <abbr class=\"required\" title=\"Required\">*<\/abbr><\/label><input type=\"text\" id=\"evf-665-field_lMhe3nznTa-12\" class=\"input-text\" name=\"everest_forms[form_fields][lMhe3nznTa-12]\" required><\/div><\/div><\/div><div class=\"evf-frontend-row\" data-row=\"row_3\" conditional_rules=\"[]\"><div class=\"evf-frontend-grid evf-grid-2\" data-grid=\"grid_1\"><div id=\"evf-665-field_upvfFKisZD-13-container\" class=\"evf-field evf-field-text form-row validate-required\" data-required-field-message=\"This field is required.\" data-field-id=\"upvfFKisZD-13\"><label class=\"evf-field-label\" for=\"evf-665-field_upvfFKisZD-13\"><span class=\"evf-label\">IBAN<\/span> <abbr class=\"required\" title=\"Required\">*<\/abbr><\/label><input type=\"text\" id=\"evf-665-field_upvfFKisZD-13\" class=\"input-text\" name=\"everest_forms[form_fields][upvfFKisZD-13]\" required><\/div><\/div><div class=\"evf-frontend-grid evf-grid-2\" data-grid=\"grid_2\"><div id=\"evf-665-field_X6jbpa1Ivz-14-container\" class=\"evf-field evf-field-text form-row\" data-field-id=\"X6jbpa1Ivz-14\"><label class=\"evf-field-label\" for=\"evf-665-field_X6jbpa1Ivz-14\"><span class=\"evf-label\">SWIFT<\/span> <\/label><input type=\"text\" id=\"evf-665-field_X6jbpa1Ivz-14\" class=\"input-text\" name=\"everest_forms[form_fields][X6jbpa1Ivz-14]\" ><\/div><\/div><\/div><div class=\"evf-frontend-row\" data-row=\"row_8\" conditional_rules=\"[]\"><div class=\"evf-frontend-grid evf-grid-2\" data-grid=\"grid_1\"><div id=\"evf-665-field_gGFZxltwJ6-16-container\" class=\"evf-field evf-field-text form-row\" data-field-id=\"gGFZxltwJ6-16\"><label class=\"evf-field-label\" for=\"evf-665-field_gGFZxltwJ6-16\"><span class=\"evf-label\">\u0420\u0435\u0433\u0438\u0441\u0442\u0440\u0430\u0446\u0438\u043e\u043d\u0435\u043d \u043d\u043e\u043c\u0435\u0440 e-Toll<\/span> <\/label><input type=\"text\" id=\"evf-665-field_gGFZxltwJ6-16\" class=\"input-text\" name=\"everest_forms[form_fields][gGFZxltwJ6-16]\" ><\/div><\/div><div class=\"evf-frontend-grid evf-grid-2\" data-grid=\"grid_2\"><div id=\"evf-665-field_IVig3Bu6cr-18-container\" class=\"evf-field evf-field-number form-row validate-required\" data-required-field-message=\"Please enter a valid number.\" data-field-id=\"IVig3Bu6cr-18\"><label class=\"evf-field-label\" for=\"evf-665-field_IVig3Bu6cr-18\"><span class=\"evf-label\">\u0411\u0440\u043e\u0439 \u0431\u043e\u0440\u0434\u043e\u0432\u0438 \u0443\u0441\u0442\u0440\u043e\u0439\u0441\u0442\u0432\u0430 OBU<\/span> <abbr class=\"required\" title=\"Required\">*<\/abbr><\/label><input type=\"number\" id=\"evf-665-field_IVig3Bu6cr-18\" class=\"input-text\" name=\"everest_forms[form_fields][IVig3Bu6cr-18]\" value=\"1\" step=\"1\" min=\"1\" required\/><\/div><\/div><\/div><div class=\"evf-frontend-row\" data-row=\"row_10\" conditional_rules=\"[]\"><div class=\"evf-frontend-grid evf-grid-2\" data-grid=\"grid_1\"><div id=\"evf-665-field_R5hNuGHgWX-21-container\" class=\"evf-field evf-field-radio form-row validate-required\" data-required-field-message=\"This field is required.\" data-field-id=\"R5hNuGHgWX-21\"><label class=\"evf-field-label\" for=\"evf-665-field_R5hNuGHgWX-21\"><span class=\"evf-label\">\u041f\u0435\u0440\u0438\u043e\u0434 \u043d\u0430 \u0444\u0430\u043a\u0442\u0443\u0440\u0438\u0440\u0430\u043d\u0435<\/span> <abbr class=\"required\" title=\"Required\">*<\/abbr><\/label><ul id=\"evf-665-field_R5hNuGHgWX-21\" class=\" evf-field-required\"><li class=\"choice-1 depth-1\"><input type=\"radio\" id=\"evf-665-field_R5hNuGHgWX-21_1\" class=\"input-text\" name=\"everest_forms[form_fields][R5hNuGHgWX-21]\" value=\"6 \u043c\u0435\u0441\u0435\u0446\u0430\" required ><label class=\"everest-forms-field-label-inline\" for=\"evf-665-field_R5hNuGHgWX-21_1\">6 \u043c\u0435\u0441\u0435\u0446\u0430<\/label><\/li><li class=\"choice-2 depth-1\"><input type=\"radio\" id=\"evf-665-field_R5hNuGHgWX-21_2\" class=\"input-text\" name=\"everest_forms[form_fields][R5hNuGHgWX-21]\" value=\"12 \u043c\u0435\u0441\u0435\u0446\u0430\" required ><label class=\"everest-forms-field-label-inline\" for=\"evf-665-field_R5hNuGHgWX-21_2\">12 \u043c\u0435\u0441\u0435\u0446\u0430<\/label><\/li><\/ul><div class=\"evf-field-description\">\u041f\u0440\u0435\u0434\u043f\u043b\u0430\u0449\u0430\u043d\u0435\u0442\u043e \u0437\u0430 \u0438\u0437\u0431\u0440\u0430\u043d\u0438\u044f \u043f\u0435\u0440\u0438\u043e\u0434 \u0441\u0435 \u0438\u0437\u0447\u0438\u0441\u043b\u044f\u0432\u0430 \u043f\u043e \u0441\u043b\u0435\u0434\u043d\u0438\u044f \u043d\u0430\u0447\u0438\u043d: \u0431\u0440\u043e\u0439 \u0443\u0441\u0442\u0440\u043e\u0439\u0441\u0442\u0432\u0430 OBU x \u041c\u0435\u0441\u0435\u0447\u043d\u0430 \u0442\u0430\u043a\u0441\u0430 \u0445 \u0411\u0440\u043e\u0439 \u043c\u0435\u0441\u0435\u0446\u0438<\/div><\/div><\/div><div class=\"evf-frontend-grid evf-grid-2\" data-grid=\"grid_2\"><div id=\"evf-665-field_wOb2ByqGy3-22-container\" class=\"evf-field evf-field-radio form-row validate-required\" data-required-field-message=\"This field is required.\" data-field-id=\"wOb2ByqGy3-22\"><label class=\"evf-field-label\" for=\"evf-665-field_wOb2ByqGy3-22\"><span class=\"evf-label\">\u041d\u0430\u0447\u0438\u043d \u043d\u0430 \u0434\u043e\u0441\u0442\u0430\u0432\u043a\u0430 \u043d\u0430 OBU<\/span> <abbr class=\"required\" title=\"Required\">*<\/abbr><\/label><ul id=\"evf-665-field_wOb2ByqGy3-22\" class=\" evf-field-required\"><li class=\"choice-1 depth-1\"><input type=\"radio\" id=\"evf-665-field_wOb2ByqGy3-22_1\" class=\"input-text\" name=\"everest_forms[form_fields][wOb2ByqGy3-22]\" value=\"\u041b\u0438\u0447\u043d\u043e \u0432 \u0441\u043a\u043b\u0430\u0434\u0430 \u043d\u0430 \u0414\u043e\u0441\u0442\u0430\u0432\u0447\u0438\u043a\u0430 (\u0411\u0435\u0437\u043f\u043b\u0430\u0442\u043d\u043e)\" required ><label class=\"everest-forms-field-label-inline\" for=\"evf-665-field_wOb2ByqGy3-22_1\">\u041b\u0438\u0447\u043d\u043e \u0432 \u0441\u043a\u043b\u0430\u0434\u0430 \u043d\u0430 \u0414\u043e\u0441\u0442\u0430\u0432\u0447\u0438\u043a\u0430 (\u0411\u0435\u0437\u043f\u043b\u0430\u0442\u043d\u043e)<\/label><\/li><li class=\"choice-2 depth-1\"><input type=\"radio\" id=\"evf-665-field_wOb2ByqGy3-22_2\" class=\"input-text\" name=\"everest_forms[form_fields][wOb2ByqGy3-22]\" value=\"\u041f\u043e \u043a\u0443\u0440\u0438\u0435\u0440 \u043d\u0430 \u0432\u0430\u0448\u0438\u044f \u0430\u0434\u0440\u0435\u0441 \u0441\u044a\u0433\u043b\u0430\u0441\u043d\u043e \u0434\u043e\u0433\u043e\u0432\u043e\u0440\u0435\u043d\u0438\u0442\u0435 \u0443\u0441\u043b\u043e\u0432\u0438\u044f\" required ><label class=\"everest-forms-field-label-inline\" for=\"evf-665-field_wOb2ByqGy3-22_2\">\u041f\u043e \u043a\u0443\u0440\u0438\u0435\u0440 \u043d\u0430 \u0432\u0430\u0448\u0438\u044f \u0430\u0434\u0440\u0435\u0441 \u0441\u044a\u0433\u043b\u0430\u0441\u043d\u043e \u0434\u043e\u0433\u043e\u0432\u043e\u0440\u0435\u043d\u0438\u0442\u0435 \u0443\u0441\u043b\u043e\u0432\u0438\u044f<\/label><\/li><\/ul><div class=\"evf-field-description\">\u0421\u043a\u043b\u0430\u0434 \u043d\u0430 \u0414\u043e\u0441\u0442\u0430\u0432\u0447\u0438\u043a\u0430 \u043d\u0430 \u0430\u0434\u0440\u0435\u0441 Hodon\u00ednska 25, 841 03 Bratislava (\u041a\u043e\u043e\u0440\u0434\u0438\u043d\u0430\u0442\u0438 \u0432 Google maps: 48.2062, 17.0402)<\/div><\/div><\/div><\/div><\/div><div class=\"evf-honeypot-container evf-field-hp\"><label for=\"evf-665-field-hp\" class=\"evf-field-label\">Phone<\/label><input type=\"text\" name=\"everest_forms[hp]\" id=\"evf-665-field-hp\" class=\"input-text\"><\/div><div class=\"evf-recaptcha-container recaptcha-hidden\" style=\"display:block\"><input type=\"hidden\" name=\"everest_forms[recaptcha]\" value=\"\"><\/div><div class=\"evf-submit-container \" ><input type=\"hidden\" name=\"everest_forms[id]\" value=\"665\"><input type=\"hidden\" name=\"everest_forms[author]\" value=\"3\"><button type='submit' name='everest_forms[submit]' class='everest-forms-submit-button button evf-submit ' id='evf-submit-665' value='evf-submit' data-process-text=\"Odosielam ...\" conditional_rules='&quot;&quot;' conditional_id='evf-submit-665'  id=\"evf-submit-665\" aria-live=\"assertive\">\u0418\u0417\u041f\u0420\u0410\u0422\u0418<\/button><\/div><\/form><\/div><!-- .evf-container --><\/div>\n\n\n\n<p><\/p>\n","protected":false},"excerpt":{"rendered":"","protected":false},"author":3,"featured_media":558,"parent":0,"menu_order":0,"comment_status":"closed","ping_status":"closed","template":"single-registracia.php","meta":{"footnotes":""},"acf":[],"_links":{"self":[{"href":"https:\/\/www.pay-system.eu\/bg\/wp-json\/wp\/v2\/pages\/667"}],"collection":[{"href":"https:\/\/www.pay-system.eu\/bg\/wp-json\/wp\/v2\/pages"}],"about":[{"href":"https:\/\/www.pay-system.eu\/bg\/wp-json\/wp\/v2\/types\/page"}],"author":[{"embeddable":true,"href":"https:\/\/www.pay-system.eu\/bg\/wp-json\/wp\/v2\/users\/3"}],"replies":[{"embeddable":true,"href":"https:\/\/www.pay-system.eu\/bg\/wp-json\/wp\/v2\/comments?post=667"}],"version-history":[{"count":1,"href":"https:\/\/www.pay-system.eu\/bg\/wp-json\/wp\/v2\/pages\/667\/revisions"}],"predecessor-version":[{"id":668,"href":"https:\/\/www.pay-system.eu\/bg\/wp-json\/wp\/v2\/pages\/667\/revisions\/668"}],"wp:featuredmedia":[{"embeddable":true,"href":"https:\/\/www.pay-system.eu\/bg\/wp-json\/wp\/v2\/media\/558"}],"wp:attachment":[{"href":"https:\/\/www.pay-system.eu\/bg\/wp-json\/wp\/v2\/media?parent=667"}],"curies":[{"name":"wp","href":"https:\/\/api.w.org\/{rel}","templated":true}]}}