{"id":437,"date":"2021-12-16T13:35:26","date_gmt":"2021-12-16T12:35:26","guid":{"rendered":"https:\/\/www.pay-system.eu\/?page_id=437"},"modified":"2021-12-16T13:35:28","modified_gmt":"2021-12-16T12:35:28","slug":"registracni-udaje-pro-smlouvu-o-poskytnuti-obu-jednotky","status":"publish","type":"page","link":"https:\/\/www.pay-system.eu\/cs\/registracni-udaje-pro-smlouvu-o-poskytnuti-obu-jednotky\/","title":{"rendered":"Registra\u010dn\u00ed \u00fadaje pro Smlouvu o poskytnut\u00ed OBU jednotky"},"content":{"rendered":"<div class=\"everest-forms\"><div class=\"evf-container default\" id=\"evf-383\"><form id=\"evf-form-383\" class=\"everest-form\" data-formid=\"383\" data-ajax_submission=\"0\" data-keyboard_friendly_form=\"0\" method=\"post\" enctype=\"multipart\/form-data\" action=\"\/cs\/wp-json\/wp\/v2\/pages\/437\"><div class=\"evf-field-container\"><input type=\"hidden\" id=\"_wpnonce383\" name=\"_wpnonce383\" value=\"82bd67e34e\" \/><input type=\"hidden\" name=\"_wp_http_referer\" value=\"\/cs\/wp-json\/wp\/v2\/pages\/437\" \/><div class=\"evf-frontend-row\" data-row=\"row_1\" conditional_rules=\"[]\"><div class=\"evf-frontend-grid evf-grid-1\" data-grid=\"grid_1\"><div id=\"evf-383-field_6VtpcZDZts-1-container\" class=\"evf-field evf-field-text form-row validate-required\" data-required-field-message=\"This field is required.\" data-field-id=\"6VtpcZDZts-1\"><label class=\"evf-field-label\" for=\"evf-383-field_6VtpcZDZts-1\"><span class=\"evf-label\">N\u00e1zev spole\u010dnosti<\/span> <abbr class=\"required\" title=\"Required\">*<\/abbr><\/label><input type=\"text\" id=\"evf-383-field_6VtpcZDZts-1\" class=\"input-text\" name=\"everest_forms[form_fields][6VtpcZDZts-1]\" required><\/div><div id=\"evf-383-field_zArW8wCyH8-9-container\" class=\"evf-field evf-field-email form-row validate-required validate-email\" data-required-field-message=\"Please enter a valid email address.\" data-field-id=\"zArW8wCyH8-9\"><label class=\"evf-field-label\" for=\"evf-383-field_zArW8wCyH8-9\"><span class=\"evf-label\">Kontaktn\u00ed email<\/span> <abbr class=\"required\" title=\"Required\">*<\/abbr><\/label><input type=\"email\" id=\"evf-383-field_zArW8wCyH8-9\" class=\"input-text\" name=\"everest_forms[form_fields][zArW8wCyH8-9]\" required ><\/div><div id=\"evf-383-field_gqoUItt8rN-22-container\" class=\"evf-field evf-field-text form-row\" data-field-id=\"gqoUItt8rN-22\"><label class=\"evf-field-label\" for=\"evf-383-field_gqoUItt8rN-22\"><span class=\"evf-label\">Kontaktn\u00ed telefonn\u00ed \u010d\u00edslo<\/span> <\/label><input type=\"text\" id=\"evf-383-field_gqoUItt8rN-22\" class=\"input-text\" name=\"everest_forms[form_fields][gqoUItt8rN-22]\" ><\/div><\/div><\/div><div class=\"evf-frontend-row\" data-row=\"row_7\" conditional_rules=\"[]\"><div class=\"evf-frontend-grid evf-grid-2\" data-grid=\"grid_1\"><div id=\"evf-383-field_qKwq6LusMB-2-container\" class=\"evf-field evf-field-text form-row validate-required\" data-required-field-message=\"This field is required.\" data-field-id=\"qKwq6LusMB-2\"><label class=\"evf-field-label\" for=\"evf-383-field_qKwq6LusMB-2\"><span class=\"evf-label\">I\u010cO spole\u010dnosti<\/span> <abbr class=\"required\" title=\"Required\">*<\/abbr><\/label><input type=\"text\" id=\"evf-383-field_qKwq6LusMB-2\" class=\"input-text\" name=\"everest_forms[form_fields][qKwq6LusMB-2]\" required><\/div><\/div><div class=\"evf-frontend-grid evf-grid-2\" data-grid=\"grid_2\"><div id=\"evf-383-field_iABe0WXkox-3-container\" class=\"evf-field evf-field-text form-row validate-required\" data-required-field-message=\"This field is required.\" data-field-id=\"iABe0WXkox-3\"><label class=\"evf-field-label\" for=\"evf-383-field_iABe0WXkox-3\"><span class=\"evf-label\">DI\u010c<\/span> <abbr class=\"required\" title=\"Required\">*<\/abbr><\/label><input type=\"text\" id=\"evf-383-field_iABe0WXkox-3\" class=\"input-text\" name=\"everest_forms[form_fields][iABe0WXkox-3]\" required><\/div><\/div><\/div><div class=\"evf-frontend-row\" data-row=\"row_11\" conditional_rules=\"[]\"><div class=\"evf-frontend-grid evf-grid-1\" data-grid=\"grid_1\"><div id=\"evf-383-field_1BIhMblNVX-24-container\" class=\"evf-field evf-field-text form-row\" data-field-id=\"1BIhMblNVX-24\"><label class=\"evf-field-label\" for=\"evf-383-field_1BIhMblNVX-24\"><span class=\"evf-label\">I\u010c DPH<\/span> <\/label><input type=\"text\" id=\"evf-383-field_1BIhMblNVX-24\" class=\"input-text\" name=\"everest_forms[form_fields][1BIhMblNVX-24]\" ><\/div><\/div><\/div><div class=\"evf-frontend-row\" data-row=\"row_9\" conditional_rules=\"[]\"><div class=\"evf-frontend-grid evf-grid-2\" data-grid=\"grid_1\"><div id=\"evf-383-field_O6C2P1tS5e-4-container\" class=\"evf-field evf-field-text form-row validate-required\" data-required-field-message=\"This field is required.\" data-field-id=\"O6C2P1tS5e-4\"><label class=\"evf-field-label\" for=\"evf-383-field_O6C2P1tS5e-4\"><span class=\"evf-label\">Ulice<\/span> <abbr class=\"required\" title=\"Required\">*<\/abbr><\/label><input type=\"text\" id=\"evf-383-field_O6C2P1tS5e-4\" class=\"input-text\" name=\"everest_forms[form_fields][O6C2P1tS5e-4]\" required><\/div><\/div><div class=\"evf-frontend-grid evf-grid-2\" data-grid=\"grid_2\"><div id=\"evf-383-field_g7tyHq73uw-5-container\" class=\"evf-field evf-field-text form-row validate-required\" data-required-field-message=\"This field is required.\" data-field-id=\"g7tyHq73uw-5\"><label class=\"evf-field-label\" for=\"evf-383-field_g7tyHq73uw-5\"><span class=\"evf-label\">\u010c\u00edslo (orienta\u010dn\u00ed a\/nebo popisn\u00e9)<\/span> <abbr class=\"required\" title=\"Required\">*<\/abbr><\/label><input type=\"text\" id=\"evf-383-field_g7tyHq73uw-5\" class=\"input-text\" name=\"everest_forms[form_fields][g7tyHq73uw-5]\" required><\/div><\/div><\/div><div class=\"evf-frontend-row\" data-row=\"row_2\" conditional_rules=\"[]\"><div class=\"evf-frontend-grid evf-grid-2\" data-grid=\"grid_1\"><div id=\"evf-383-field_4cjNJmWkDt-6-container\" class=\"evf-field evf-field-text form-row validate-required\" data-required-field-message=\"This field is required.\" data-field-id=\"4cjNJmWkDt-6\"><label class=\"evf-field-label\" for=\"evf-383-field_4cjNJmWkDt-6\"><span class=\"evf-label\">M\u011bsto<\/span> <abbr class=\"required\" title=\"Required\">*<\/abbr><\/label><input type=\"text\" id=\"evf-383-field_4cjNJmWkDt-6\" class=\"input-text\" name=\"everest_forms[form_fields][4cjNJmWkDt-6]\" required><\/div><\/div><div class=\"evf-frontend-grid evf-grid-2\" data-grid=\"grid_2\"><div id=\"evf-383-field_e9Aba5m824-7-container\" class=\"evf-field evf-field-text form-row validate-required\" data-required-field-message=\"This field is required.\" data-field-id=\"e9Aba5m824-7\"><label class=\"evf-field-label\" for=\"evf-383-field_e9Aba5m824-7\"><span class=\"evf-label\">PS\u010c<\/span> <abbr class=\"required\" title=\"Required\">*<\/abbr><\/label><input type=\"text\" id=\"evf-383-field_e9Aba5m824-7\" class=\"input-text\" name=\"everest_forms[form_fields][e9Aba5m824-7]\" required><\/div><\/div><\/div><div class=\"evf-frontend-row\" data-row=\"row_5\" conditional_rules=\"[]\"><div class=\"evf-frontend-grid evf-grid-1\" data-grid=\"grid_1\"><div id=\"evf-383-field_BOIyRdD7pH-19-container\" class=\"evf-field evf-field-text form-row validate-required\" data-required-field-message=\"This field is required.\" data-field-id=\"BOIyRdD7pH-19\"><label class=\"evf-field-label\" for=\"evf-383-field_BOIyRdD7pH-19\"><span class=\"evf-label\">St\u00e1t<\/span> <abbr class=\"required\" title=\"Required\">*<\/abbr><\/label><input type=\"text\" id=\"evf-383-field_BOIyRdD7pH-19\" class=\"input-text\" name=\"everest_forms[form_fields][BOIyRdD7pH-19]\" required><\/div><\/div><\/div><div class=\"evf-frontend-row\" data-row=\"row_4\" conditional_rules=\"[]\"><div class=\"evf-frontend-grid evf-grid-2\" data-grid=\"grid_1\"><div id=\"evf-383-field_72Lsuuxi3A-10-container\" class=\"evf-field evf-field-first-name form-row validate-required\" data-required-field-message=\"This field is required.\" data-field-id=\"72Lsuuxi3A-10\"><label class=\"evf-field-label\" for=\"evf-383-field_72Lsuuxi3A-10\"><span class=\"evf-label\">Opr\u00e1vn\u011bn\u00e1 osoba: Jm\u00e9no<\/span> <abbr class=\"required\" title=\"Required\">*<\/abbr><\/label><input type=\"text\" id=\"evf-383-field_72Lsuuxi3A-10\" class=\"input-text\" name=\"everest_forms[form_fields][72Lsuuxi3A-10]\" required><\/div><\/div><div class=\"evf-frontend-grid evf-grid-2\" data-grid=\"grid_2\"><div id=\"evf-383-field_0Cmm314ekj-11-container\" class=\"evf-field evf-field-last-name form-row validate-required\" data-required-field-message=\"This field is required.\" data-field-id=\"0Cmm314ekj-11\"><label class=\"evf-field-label\" for=\"evf-383-field_0Cmm314ekj-11\"><span class=\"evf-label\">P\u0159\u00edjmen\u00ed<\/span> <abbr class=\"required\" title=\"Required\">*<\/abbr><\/label><input type=\"text\" id=\"evf-383-field_0Cmm314ekj-11\" class=\"input-text\" name=\"everest_forms[form_fields][0Cmm314ekj-11]\" required><\/div><\/div><\/div><div class=\"evf-frontend-row\" data-row=\"row_6\" conditional_rules=\"[]\"><div class=\"evf-frontend-grid evf-grid-1\" data-grid=\"grid_1\"><div id=\"evf-383-field_mwW8S80DbH-17-container\" class=\"evf-field evf-field-select form-row\" data-field-id=\"mwW8S80DbH-17\"><label class=\"evf-field-label\" for=\"evf-383-field_mwW8S80DbH-17\"><span class=\"evf-label\">Funkce<\/span> <\/label><select id=\"evf-383-field_mwW8S80DbH-17\" class=\"input-text\" name=\"everest_forms[form_fields][mwW8S80DbH-17]\" ><option value=\"\" class=\"placeholder\" disabled  selected='selected'>Vyberte funkciu<\/option><option value=\"\u010clen \u0161tatut\u00e1rneho org\u00e1nu\" >\u010clen \u0161tatut\u00e1rneho org\u00e1nu<\/option><option value=\"Splnomocnenec\" >Splnomocnenec<\/option><\/select><\/div><div id=\"evf-383-field_lMhe3nznTa-12-container\" class=\"evf-field evf-field-text form-row validate-required\" data-required-field-message=\"This field is required.\" data-field-id=\"lMhe3nznTa-12\"><label class=\"evf-field-label\" for=\"evf-383-field_lMhe3nznTa-12\"><span class=\"evf-label\">Banka (N\u00e1zev)<\/span> <abbr class=\"required\" title=\"Required\">*<\/abbr><\/label><input type=\"text\" id=\"evf-383-field_lMhe3nznTa-12\" class=\"input-text\" name=\"everest_forms[form_fields][lMhe3nznTa-12]\" required><\/div><\/div><\/div><div class=\"evf-frontend-row\" data-row=\"row_3\" conditional_rules=\"[]\"><div class=\"evf-frontend-grid evf-grid-2\" data-grid=\"grid_1\"><div id=\"evf-383-field_upvfFKisZD-13-container\" class=\"evf-field evf-field-text form-row validate-required\" data-required-field-message=\"This field is required.\" data-field-id=\"upvfFKisZD-13\"><label class=\"evf-field-label\" for=\"evf-383-field_upvfFKisZD-13\"><span class=\"evf-label\">IBAN<\/span> <abbr class=\"required\" title=\"Required\">*<\/abbr><\/label><input type=\"text\" id=\"evf-383-field_upvfFKisZD-13\" class=\"input-text\" name=\"everest_forms[form_fields][upvfFKisZD-13]\" required><\/div><\/div><div class=\"evf-frontend-grid evf-grid-2\" data-grid=\"grid_2\"><div id=\"evf-383-field_X6jbpa1Ivz-14-container\" class=\"evf-field evf-field-text form-row\" data-field-id=\"X6jbpa1Ivz-14\"><label class=\"evf-field-label\" for=\"evf-383-field_X6jbpa1Ivz-14\"><span class=\"evf-label\">SWIFT<\/span> <\/label><input type=\"text\" id=\"evf-383-field_X6jbpa1Ivz-14\" class=\"input-text\" name=\"everest_forms[form_fields][X6jbpa1Ivz-14]\" ><\/div><\/div><\/div><div class=\"evf-frontend-row\" data-row=\"row_8\" conditional_rules=\"[]\"><div class=\"evf-frontend-grid evf-grid-2\" data-grid=\"grid_1\"><div id=\"evf-383-field_gGFZxltwJ6-16-container\" class=\"evf-field evf-field-text form-row\" data-field-id=\"gGFZxltwJ6-16\"><label class=\"evf-field-label\" for=\"evf-383-field_gGFZxltwJ6-16\"><span class=\"evf-label\">\u010c\u00edslo registrace e-Toll<\/span> <\/label><input type=\"text\" id=\"evf-383-field_gGFZxltwJ6-16\" class=\"input-text\" name=\"everest_forms[form_fields][gGFZxltwJ6-16]\" ><\/div><\/div><div class=\"evf-frontend-grid evf-grid-2\" data-grid=\"grid_2\"><div id=\"evf-383-field_e2zLuXANLR-18-container\" class=\"evf-field evf-field-number form-row validate-required\" data-required-field-message=\"Please enter a valid number.\" data-field-id=\"e2zLuXANLR-18\"><label class=\"evf-field-label\" for=\"evf-383-field_e2zLuXANLR-18\"><span class=\"evf-label\">Po\u010det OBU jednotek<\/span> <abbr class=\"required\" title=\"Required\">*<\/abbr><\/label><input type=\"number\" id=\"evf-383-field_e2zLuXANLR-18\" class=\"input-text\" name=\"everest_forms[form_fields][e2zLuXANLR-18]\" value=\"1\" step=\"1\" min=\"1\" required\/><\/div><\/div><\/div><div class=\"evf-frontend-row\" data-row=\"row_10\" conditional_rules=\"[]\"><div class=\"evf-frontend-grid evf-grid-2\" data-grid=\"grid_1\"><div id=\"evf-383-field_lJRfpYMkVh-20-container\" class=\"evf-field evf-field-radio form-row validate-required\" data-required-field-message=\"This field is required.\" data-field-id=\"lJRfpYMkVh-20\"><label class=\"evf-field-label\" for=\"evf-383-field_lJRfpYMkVh-20\"><span class=\"evf-label\">Faktura\u010dn\u00ed obdob\u00ed<\/span> <abbr class=\"required\" title=\"Required\">*<\/abbr><\/label><ul id=\"evf-383-field_lJRfpYMkVh-20\" class=\" evf-field-required\"><li class=\"choice-1 depth-1\"><input type=\"radio\" id=\"evf-383-field_lJRfpYMkVh-20_1\" class=\"input-text\" name=\"everest_forms[form_fields][lJRfpYMkVh-20]\" value=\"6 m\u011bs\u00edc\u016f\" required ><label class=\"everest-forms-field-label-inline\" for=\"evf-383-field_lJRfpYMkVh-20_1\">6 m\u011bs\u00edc\u016f<\/label><\/li><li class=\"choice-2 depth-1\"><input type=\"radio\" id=\"evf-383-field_lJRfpYMkVh-20_2\" class=\"input-text\" name=\"everest_forms[form_fields][lJRfpYMkVh-20]\" value=\"12 m\u011bs\u00edc\u016f\" required ><label class=\"everest-forms-field-label-inline\" for=\"evf-383-field_lJRfpYMkVh-20_2\">12 m\u011bs\u00edc\u016f<\/label><\/li><\/ul><div class=\"evf-field-description\">\u00dahrada p\u0159edem za vybran\u00e9 obdob\u00ed se vypo\u010d\u00edt\u00e1: Po\u010det OBU x M\u011bs\u00ed\u010dn\u00ed poplatek x Po\u010det m\u011bs\u00edc\u016f<\/div><\/div><\/div><div class=\"evf-frontend-grid evf-grid-2\" data-grid=\"grid_2\"><div id=\"evf-383-field_wI8HkGjhp9-21-container\" class=\"evf-field evf-field-radio form-row validate-required\" data-required-field-message=\"This field is required.\" data-field-id=\"wI8HkGjhp9-21\"><label class=\"evf-field-label\" for=\"evf-383-field_wI8HkGjhp9-21\"><span class=\"evf-label\">Zp\u016fsob doru\u010den\u00ed OBU<\/span> <abbr class=\"required\" title=\"Required\">*<\/abbr><\/label><ul id=\"evf-383-field_wI8HkGjhp9-21\" class=\" evf-field-required\"><li class=\"choice-1 depth-1\"><input type=\"radio\" id=\"evf-383-field_wI8HkGjhp9-21_1\" class=\"input-text\" name=\"everest_forms[form_fields][wI8HkGjhp9-21]\" value=\"Osobn\u011b na sklade Poskytovatele (Zdarma)\" required ><label class=\"everest-forms-field-label-inline\" for=\"evf-383-field_wI8HkGjhp9-21_1\">Osobn\u011b na sklade Poskytovatele (Zdarma)<\/label><\/li><li class=\"choice-2 depth-1\"><input type=\"radio\" id=\"evf-383-field_wI8HkGjhp9-21_2\" class=\"input-text\" name=\"everest_forms[form_fields][wI8HkGjhp9-21]\" value=\"Kur\u00fdrem na va\u0161i adresu podle sjednan\u00fdch podm\u00ednek\" required ><label class=\"everest-forms-field-label-inline\" for=\"evf-383-field_wI8HkGjhp9-21_2\">Kur\u00fdrem na va\u0161i adresu podle sjednan\u00fdch podm\u00ednek<\/label><\/li><\/ul><div class=\"evf-field-description\">Sklad Poskytovatele na adrese Hodon\u00ednska 25, 841 03 Bratislava (Google maps sou\u0159adnice: 48.2062, 17.0402)<\/div><\/div><\/div><\/div><\/div><div class=\"evf-honeypot-container evf-field-hp\"><label for=\"evf-383-field-hp\" class=\"evf-field-label\">Email<\/label><input type=\"text\" name=\"everest_forms[hp]\" id=\"evf-383-field-hp\" class=\"input-text\"><\/div><div class=\"evf-recaptcha-container recaptcha-hidden\" style=\"display:block\"><input type=\"hidden\" name=\"everest_forms[recaptcha]\" value=\"\"><\/div><div class=\"evf-submit-container \" ><input type=\"hidden\" name=\"everest_forms[id]\" value=\"383\"><input type=\"hidden\" name=\"everest_forms[author]\" value=\"3\"><button type='submit' name='everest_forms[submit]' class='everest-forms-submit-button button evf-submit ' id='evf-submit-383' value='evf-submit' data-process-text=\"Odos\u00edlam ...\" conditional_rules='&quot;&quot;' conditional_id='evf-submit-383'  id=\"evf-submit-383\" aria-live=\"assertive\">Odeslat<\/button><\/div><\/form><\/div><!-- .evf-container --><\/div>\n\n\n\n<p><\/p>\n","protected":false},"excerpt":{"rendered":"","protected":false},"author":3,"featured_media":213,"parent":0,"menu_order":0,"comment_status":"closed","ping_status":"closed","template":"single-registracia.php","meta":{"footnotes":""},"acf":[],"_links":{"self":[{"href":"https:\/\/www.pay-system.eu\/cs\/wp-json\/wp\/v2\/pages\/437"}],"collection":[{"href":"https:\/\/www.pay-system.eu\/cs\/wp-json\/wp\/v2\/pages"}],"about":[{"href":"https:\/\/www.pay-system.eu\/cs\/wp-json\/wp\/v2\/types\/page"}],"author":[{"embeddable":true,"href":"https:\/\/www.pay-system.eu\/cs\/wp-json\/wp\/v2\/users\/3"}],"replies":[{"embeddable":true,"href":"https:\/\/www.pay-system.eu\/cs\/wp-json\/wp\/v2\/comments?post=437"}],"version-history":[{"count":1,"href":"https:\/\/www.pay-system.eu\/cs\/wp-json\/wp\/v2\/pages\/437\/revisions"}],"predecessor-version":[{"id":439,"href":"https:\/\/www.pay-system.eu\/cs\/wp-json\/wp\/v2\/pages\/437\/revisions\/439"}],"wp:featuredmedia":[{"embeddable":true,"href":"https:\/\/www.pay-system.eu\/cs\/wp-json\/wp\/v2\/media\/213"}],"wp:attachment":[{"href":"https:\/\/www.pay-system.eu\/cs\/wp-json\/wp\/v2\/media?parent=437"}],"curies":[{"name":"wp","href":"https:\/\/api.w.org\/{rel}","templated":true}]}}