{"id":692,"date":"2021-11-05T08:30:13","date_gmt":"2021-11-05T07:30:13","guid":{"rendered":"https:\/\/www.pay-system.eu\/cookies\/"},"modified":"2022-04-05T11:59:42","modified_gmt":"2022-04-05T09:59:42","slug":"jake-cookies-pouzivame","status":"publish","type":"page","link":"https:\/\/www.pay-system.eu\/cs\/jake-cookies-pouzivame\/","title":{"rendered":"JAK\u00c9 COOKIES POU\u017d\u00cdV\u00c1ME?"},"content":{"rendered":"\n<h3 class=\"wp-block-heading\"><br>Technick\u00e9 (nezbytn\u00e9):<\/h3>\n\n\n\n<p>Jsou to cookies a podobn\u00e9 n\u00e1stroje, bez kter\u00fdch nem\u016f\u017eete pou\u017e\u00edvat na\u0161e slu\u017eby (nap\u0159. pro spr\u00e1vn\u00e9 zobrazen\u00ed na\u0161ich webov\u00fdch str\u00e1nek \/ funkc\u00ed, kter\u00e9 chcete vyu\u017e\u00edt). <\/p>\n\n\n\n<p><strong>Tyto cookies nelze zak\u00e1zat.<\/strong><br><\/p>\n\n\n\n<style>\n            .kuk {\n                border: 2px solid #e4e4e4;\n                min-width: 500px;\n            }\n            .kuk th {\n                background-color: #e4e4e4;\n            }\n .kuk tr:nth-of-type(2) td{ font-weight: bold; } \n            .kuk td, .kuk th {\n                vertical-align: top;\n                border: 1px solid #e4e4e4;\n                padding: 10px;\n                line-height: 1.5;\n            }\n            \n            .sc {\n                overflow: auto;\n            }\n        <\/style>\n        <div class=\"sc\">\n                <table class=\"kuk\">\n                    <tbody><tr><th colspan=\"5\">\n                        Technick\u00e9 (nezbytn\u00e9)\n                    <\/th>\n                    <\/tr><tr>\n                        <td>Cookie kl\u00ed\u010d<\/td>\n                        <td>Dom\u00e9na<\/td>\n                        <td>Typ cookie<\/td>\n                        <td>Expirace<\/td>\n                        <td>Popis<\/td>\n                    <\/tr>\n                    <tr>\n                        <td>cookies22<\/td>\n                        <td>.pay-system.eu<\/td>\n                        <td>prvn\u00ed strana<\/td>\n                        <td>7 dn\u00ed<\/td>\n                        <td>Slou\u017e\u00ed k ulo\u017een\u00ed souhlasu host\u016f s pou\u017e\u00edv\u00e1n\u00edm soubor\u016f cookie pro nepodstatn\u00e9 \u00fa\u010dely<\/td>\n                    <\/tr>\n                    <tr>\n                        <td>CONSENT<\/td>\n                        <td>.google.com<\/td>\n                        <td>t\u0159et\u00ed strana<\/td>\n                        <td>2 roky<\/td>\n                        <td>Soubor cookie HTTP (tak\u00e9 naz\u00fdvan\u00fd webov\u00fd soubor cookie, internetov\u00fd soubor cookie, soubor cookie prohl\u00ed\u017ee\u010de nebo jednodu\u0161e soubor cookie) je mal\u00e1 \u010d\u00e1st \u00fadaj\u016f odeslan\u00e1 z webu a ulo\u017een\u00e1 v po\u010d\u00edta\u010di u\u017eivatele webov\u00fdm prohl\u00ed\u017ee\u010dem u\u017eivatele b\u011bhem prohl\u00ed\u017een\u00ed. Soubory cookie byly navr\u017eeny tak, aby byly spolehliv\u00fdm mechanismem pro webov\u00e9 str\u00e1nky k zapamatov\u00e1n\u00ed stavov\u00fdch informac\u00ed (jako jsou polo\u017eky p\u0159id\u00e1ny do n\u00e1kupn\u00edho ko\u0161\u00edku v internetov\u00e9m obchod\u011b) nebo k zaznamen\u00e1v\u00e1n\u00ed aktivity u\u017eivatele p\u0159i prohl\u00ed\u017een\u00ed (v\u010detn\u011b kliknut\u00ed na konkr\u00e9tn\u00ed tla\u010d\u00edtka, p\u0159ihl\u00e1\u0161en\u00ed se nebo zaznamen\u00e1v\u00e1n\u00ed nav\u0161t\u00edven\u00fdch str\u00e1nek v minulosti). Mohou se tak\u00e9 pou\u017e\u00edt k zapamatov\u00e1n\u00ed libovoln\u00fdch informac\u00ed, kter\u00e9 u\u017eivatel p\u0159edt\u00edm zadal do pol\u00ed formul\u00e1\u0159e, jako jsou jm\u00e9na, adresy, hesla a \u010d\u00edsla kreditn\u00edch karet.<\/td>\n                    <\/tr>\n                 \n                <\/tbody><\/table>\n<\/div>\n\n\n\n<!--<div><a style=\"font-size:13px!important;margin: 10px;color: white!important;\" href=\"javascript:agree(0);\" class=\"more noicon\">Povoli\u0165<\/a> <a style=\"font-size:13px!important;margin: 10px;color: white!important;\" href=\"javascript:agree(1);\" class=\"more noicon\">Zak\u00e1za\u0165<\/a><\/div>-->\n\n\n\n<p><\/p>\n\n\n\n<p> <a href=\"https:\/\/www.pay-system.eu\/cs\/jak-spravovat-soubory-cookie\/\" data-type=\"page\" data-id=\"895\">JAK SPRAVOVAT SOUBORY COOKIE?<\/a> <\/p>\n\n\n\n<p><\/p>\n","protected":false},"excerpt":{"rendered":"<p>Technick\u00e9 (nezbytn\u00e9): Jsou to cookies a podobn\u00e9 n\u00e1stroje, bez kter\u00fdch nem\u016f\u017eete pou\u017e\u00edvat na\u0161e slu\u017eby (nap\u0159. pro spr\u00e1vn\u00e9 zobrazen\u00ed na\u0161ich webov\u00fdch str\u00e1nek \/ funkc\u00ed, kter\u00e9 chcete vyu\u017e\u00edt). Tyto cookies nelze zak\u00e1zat. Technick\u00e9 (nezbytn\u00e9) Cookie kl\u00ed\u010d Dom\u00e9na Typ cookie Expirace Popis cookies22 .pay-system.eu prvn\u00ed strana 7 dn\u00ed Slou\u017e\u00ed k ulo\u017een\u00ed souhlasu host\u016f s pou\u017e\u00edv\u00e1n\u00edm soubor\u016f cookie pro [&hellip;]<\/p>\n","protected":false},"author":3,"featured_media":213,"parent":0,"menu_order":0,"comment_status":"closed","ping_status":"closed","template":"post.php","meta":{"footnotes":""},"acf":[],"_links":{"self":[{"href":"https:\/\/www.pay-system.eu\/cs\/wp-json\/wp\/v2\/pages\/692"}],"collection":[{"href":"https:\/\/www.pay-system.eu\/cs\/wp-json\/wp\/v2\/pages"}],"about":[{"href":"https:\/\/www.pay-system.eu\/cs\/wp-json\/wp\/v2\/types\/page"}],"author":[{"embeddable":true,"href":"https:\/\/www.pay-system.eu\/cs\/wp-json\/wp\/v2\/users\/3"}],"replies":[{"embeddable":true,"href":"https:\/\/www.pay-system.eu\/cs\/wp-json\/wp\/v2\/comments?post=692"}],"version-history":[{"count":5,"href":"https:\/\/www.pay-system.eu\/cs\/wp-json\/wp\/v2\/pages\/692\/revisions"}],"predecessor-version":[{"id":930,"href":"https:\/\/www.pay-system.eu\/cs\/wp-json\/wp\/v2\/pages\/692\/revisions\/930"}],"wp:featuredmedia":[{"embeddable":true,"href":"https:\/\/www.pay-system.eu\/cs\/wp-json\/wp\/v2\/media\/213"}],"wp:attachment":[{"href":"https:\/\/www.pay-system.eu\/cs\/wp-json\/wp\/v2\/media?parent=692"}],"curies":[{"name":"wp","href":"https:\/\/api.w.org\/{rel}","templated":true}]}}