{"id":895,"date":"2022-02-01T13:39:25","date_gmt":"2022-02-01T12:39:25","guid":{"rendered":"https:\/\/www.pay-system.eu\/how-to-manage-cookies-bg\/"},"modified":"2022-03-11T11:39:49","modified_gmt":"2022-03-11T10:39:49","slug":"jak-spravovat-soubory-cookie","status":"publish","type":"page","link":"https:\/\/www.pay-system.eu\/cs\/jak-spravovat-soubory-cookie\/","title":{"rendered":"JAK SPRAVOVAT SOUBORY COOKIE?"},"content":{"rendered":"\n<h3 class=\"wp-block-heading\">Odstran\u011bn\u00ed soubor\u016f cookie ze za\u0159\u00edzen\u00ed<\/h3>\n\n\n\n<p>Vymaz\u00e1n\u00edm historie prohl\u00ed\u017een\u00ed ve sv\u00e9m prohl\u00ed\u017ee\u010di m\u016f\u017eete odstranit v\u0161echny soubory cookie, kter\u00e9 se ve va\u0161em za\u0159\u00edzen\u00ed ji\u017e nach\u00e1zej\u00ed. Odstran\u00edte tak v\u0161echny soubory cookie ze v\u0161ech nav\u0161t\u00edven\u00fdch webov\u00fdch str\u00e1nek. Upozor\u0148ujeme v\u0161ak, \u017ee m\u016f\u017eete p\u0159ij\u00edt i o n\u011bkter\u00e9 ulo\u017een\u00e9 informace (nap\u0159\u00edklad ulo\u017een\u00e9 p\u0159ihla\u0161ovac\u00ed \u00fadaje, preference na webov\u00e9 str\u00e1nce a pod.).<\/p>\n\n\n\n<h3 class=\"wp-block-heading\">Spr\u00e1va soubor\u016f cookie, kter\u00e9 jsou specifick\u00e9 pro dan\u00e9 webov\u00e9 str\u00e1nky<\/h3>\n\n\n\n<p>Chcete-li z\u00edskat podrobn\u011bj\u0161\u00ed informace o souborech cookie, kter\u00e9 jsou specifick\u00e9 pro dan\u00e9 webov\u00e9 str\u00e1nky, zkontrolujte si ve sv\u00e9m obl\u00edben\u00e9m prohl\u00ed\u017ee\u010di nastaven\u00ed ochrany osobn\u00edch \u00fadaj\u016f a soubor\u016f cookie.<\/p>\n\n\n\n<h3 class=\"wp-block-heading\">Blokov\u00e1n\u00ed soubor\u016f cookie<\/h3>\n\n\n\n<p>V\u011bt\u0161inu modern\u00edch prohl\u00ed\u017ee\u010d\u016f m\u016f\u017eete nastavit tak, aby zabr\u00e1nily ukl\u00e1d\u00e1n\u00ed v\u0161ech soubor\u016f cookie do va\u0161eho za\u0159\u00edzen\u00ed; v takov\u00e9m p\u0159\u00edpad\u011b v\u0161ak n\u011bkter\u00e9 preference budete muset upravovat manu\u00e1ln\u011b p\u0159i ka\u017ed\u00e9 n\u00e1v\u0161t\u011bv\u011b webov\u00e9ho str\u00e1nky. N\u011bkter\u00e9 slu\u017eby a funkce nav\u00edc v\u016fbec nemus\u00ed fungovat spr\u00e1vn\u011b (nap\u0159. p\u0159ihla\u0161ov\u00e1n\u00ed se do profilu).<\/p>\n","protected":false},"excerpt":{"rendered":"<p>Odstran\u011bn\u00ed soubor\u016f cookie ze za\u0159\u00edzen\u00ed Vymaz\u00e1n\u00edm historie prohl\u00ed\u017een\u00ed ve sv\u00e9m prohl\u00ed\u017ee\u010di m\u016f\u017eete odstranit v\u0161echny soubory cookie, kter\u00e9 se ve va\u0161em za\u0159\u00edzen\u00ed ji\u017e nach\u00e1zej\u00ed. Odstran\u00edte tak v\u0161echny soubory cookie ze v\u0161ech nav\u0161t\u00edven\u00fdch webov\u00fdch str\u00e1nek. Upozor\u0148ujeme v\u0161ak, \u017ee m\u016f\u017eete p\u0159ij\u00edt i o n\u011bkter\u00e9 ulo\u017een\u00e9 informace (nap\u0159\u00edklad ulo\u017een\u00e9 p\u0159ihla\u0161ovac\u00ed \u00fadaje, preference na webov\u00e9 str\u00e1nce a pod.). Spr\u00e1va soubor\u016f [&hellip;]<\/p>\n","protected":false},"author":3,"featured_media":13,"parent":0,"menu_order":0,"comment_status":"closed","ping_status":"closed","template":"post.php","meta":{"footnotes":""},"acf":[],"_links":{"self":[{"href":"https:\/\/www.pay-system.eu\/cs\/wp-json\/wp\/v2\/pages\/895"}],"collection":[{"href":"https:\/\/www.pay-system.eu\/cs\/wp-json\/wp\/v2\/pages"}],"about":[{"href":"https:\/\/www.pay-system.eu\/cs\/wp-json\/wp\/v2\/types\/page"}],"author":[{"embeddable":true,"href":"https:\/\/www.pay-system.eu\/cs\/wp-json\/wp\/v2\/users\/3"}],"replies":[{"embeddable":true,"href":"https:\/\/www.pay-system.eu\/cs\/wp-json\/wp\/v2\/comments?post=895"}],"version-history":[{"count":2,"href":"https:\/\/www.pay-system.eu\/cs\/wp-json\/wp\/v2\/pages\/895\/revisions"}],"predecessor-version":[{"id":902,"href":"https:\/\/www.pay-system.eu\/cs\/wp-json\/wp\/v2\/pages\/895\/revisions\/902"}],"wp:featuredmedia":[{"embeddable":true,"href":"https:\/\/www.pay-system.eu\/cs\/wp-json\/wp\/v2\/media\/13"}],"wp:attachment":[{"href":"https:\/\/www.pay-system.eu\/cs\/wp-json\/wp\/v2\/media?parent=895"}],"curies":[{"name":"wp","href":"https:\/\/api.w.org\/{rel}","templated":true}]}}