{"id":491,"date":"2021-11-01T14:26:34","date_gmt":"2021-11-01T13:26:34","guid":{"rendered":"https:\/\/www.pay-system.eu\/palubne-jednotky-obu-pre-polsko\/"},"modified":"2024-04-14T18:43:04","modified_gmt":"2024-04-14T16:43:04","slug":"jednostki-pokladowe-obu","status":"publish","type":"page","link":"https:\/\/www.pay-system.eu\/pl\/jednostki-pokladowe-obu\/","title":{"rendered":"JEDNOSTKI POK\u0141ADOWE (OBU)"},"content":{"rendered":"\n<p><\/p>\n\n\n\n<p class=\"has-text-align-left\">Jednostka pok\u0142adowa Billien OBU 5050 jest przygotowana dla us\u0142ugi europejskiej elektronicznego&nbsp; poboru op\u0142aty elektronicznej (EETS).<\/p>\n","protected":false},"excerpt":{"rendered":"<p>Jednostka pok\u0142adowa Billien OBU 5050 jest przygotowana dla us\u0142ugi europejskiej elektronicznego&nbsp; poboru op\u0142aty elektronicznej (EETS).<\/p>\n","protected":false},"author":3,"featured_media":492,"parent":0,"menu_order":0,"comment_status":"closed","ping_status":"closed","template":"single-produkty.php","meta":{"footnotes":""},"acf":[],"_links":{"self":[{"href":"https:\/\/www.pay-system.eu\/pl\/wp-json\/wp\/v2\/pages\/491"}],"collection":[{"href":"https:\/\/www.pay-system.eu\/pl\/wp-json\/wp\/v2\/pages"}],"about":[{"href":"https:\/\/www.pay-system.eu\/pl\/wp-json\/wp\/v2\/types\/page"}],"author":[{"embeddable":true,"href":"https:\/\/www.pay-system.eu\/pl\/wp-json\/wp\/v2\/users\/3"}],"replies":[{"embeddable":true,"href":"https:\/\/www.pay-system.eu\/pl\/wp-json\/wp\/v2\/comments?post=491"}],"version-history":[{"count":9,"href":"https:\/\/www.pay-system.eu\/pl\/wp-json\/wp\/v2\/pages\/491\/revisions"}],"predecessor-version":[{"id":1061,"href":"https:\/\/www.pay-system.eu\/pl\/wp-json\/wp\/v2\/pages\/491\/revisions\/1061"}],"wp:featuredmedia":[{"embeddable":true,"href":"https:\/\/www.pay-system.eu\/pl\/wp-json\/wp\/v2\/media\/492"}],"wp:attachment":[{"href":"https:\/\/www.pay-system.eu\/pl\/wp-json\/wp\/v2\/media?parent=491"}],"curies":[{"name":"wp","href":"https:\/\/api.w.org\/{rel}","templated":true}]}}