{"id":129,"date":"2021-11-02T00:03:59","date_gmt":"2021-11-01T23:03:59","guid":{"rendered":"https:\/\/www.pay-system.eu\/?page_id=129"},"modified":"2021-11-05T07:58:55","modified_gmt":"2021-11-05T06:58:55","slug":"registracia","status":"publish","type":"page","link":"https:\/\/www.pay-system.eu\/sk\/registracia\/","title":{"rendered":"Registra\u010dn\u00e9 d\u00e1ta pre Zmluvu o poskytnut\u00ed OBU jednotky"},"content":{"rendered":"<div class=\"everest-forms\"><div class=\"evf-container default\" id=\"evf-10\"><form id=\"evf-form-10\" class=\"everest-form\" data-formid=\"10\" data-ajax_submission=\"0\" data-keyboard_friendly_form=\"0\" method=\"post\" enctype=\"multipart\/form-data\" action=\"\/sk\/wp-json\/wp\/v2\/pages\/129\"><div class=\"evf-field-container\"><input type=\"hidden\" id=\"_wpnonce10\" name=\"_wpnonce10\" value=\"04cf92b067\" \/><input type=\"hidden\" name=\"_wp_http_referer\" value=\"\/sk\/wp-json\/wp\/v2\/pages\/129\" \/><div class=\"evf-frontend-row\" data-row=\"row_1\" conditional_rules=\"[]\"><div class=\"evf-frontend-grid evf-grid-1\" data-grid=\"grid_1\"><div id=\"evf-10-field_6VtpcZDZts-1-container\" class=\"evf-field evf-field-text form-row validate-required\" data-required-field-message=\"This field is required.\" data-field-id=\"6VtpcZDZts-1\"><label class=\"evf-field-label\" for=\"evf-10-field_6VtpcZDZts-1\"><span class=\"evf-label\">N\u00e1zov spolo\u010dnosti<\/span> <abbr class=\"required\" title=\"Required\">*<\/abbr><\/label><input type=\"text\" id=\"evf-10-field_6VtpcZDZts-1\" class=\"input-text\" name=\"everest_forms[form_fields][6VtpcZDZts-1]\" required><\/div><div id=\"evf-10-field_zArW8wCyH8-9-container\" class=\"evf-field evf-field-email form-row validate-required validate-email\" data-required-field-message=\"Please enter a valid email address.\" data-field-id=\"zArW8wCyH8-9\"><label class=\"evf-field-label\" for=\"evf-10-field_zArW8wCyH8-9\"><span class=\"evf-label\">Kontaktn\u00fd email<\/span> <abbr class=\"required\" title=\"Required\">*<\/abbr><\/label><input type=\"email\" id=\"evf-10-field_zArW8wCyH8-9\" class=\"input-text\" name=\"everest_forms[form_fields][zArW8wCyH8-9]\" required ><\/div><div id=\"evf-10-field_K7x0yysF7n-23-container\" class=\"evf-field evf-field-text form-row validate-required\" data-required-field-message=\"This field is required.\" data-field-id=\"K7x0yysF7n-23\"><label class=\"evf-field-label\" for=\"evf-10-field_K7x0yysF7n-23\"><span class=\"evf-label\">Kontaktn\u00e9 telef\u00f3nne \u010d\u00edslo<\/span> <abbr class=\"required\" title=\"Required\">*<\/abbr><\/label><input type=\"text\" id=\"evf-10-field_K7x0yysF7n-23\" class=\"input-text\" name=\"everest_forms[form_fields][K7x0yysF7n-23]\" required><\/div><\/div><\/div><div class=\"evf-frontend-row\" data-row=\"row_7\" conditional_rules=\"[]\"><div class=\"evf-frontend-grid evf-grid-2\" data-grid=\"grid_1\"><div id=\"evf-10-field_qKwq6LusMB-2-container\" class=\"evf-field evf-field-text form-row validate-required\" data-required-field-message=\"This field is required.\" data-field-id=\"qKwq6LusMB-2\"><label class=\"evf-field-label\" for=\"evf-10-field_qKwq6LusMB-2\"><span class=\"evf-label\">I\u010cO spolo\u010dnosti<\/span> <abbr class=\"required\" title=\"Required\">*<\/abbr><\/label><input type=\"text\" id=\"evf-10-field_qKwq6LusMB-2\" class=\"input-text\" name=\"everest_forms[form_fields][qKwq6LusMB-2]\" required><\/div><\/div><div class=\"evf-frontend-grid evf-grid-2\" data-grid=\"grid_2\"><div id=\"evf-10-field_iABe0WXkox-3-container\" class=\"evf-field evf-field-text form-row validate-required\" data-required-field-message=\"This field is required.\" data-field-id=\"iABe0WXkox-3\"><label class=\"evf-field-label\" for=\"evf-10-field_iABe0WXkox-3\"><span class=\"evf-label\">DI\u010c<\/span> <abbr class=\"required\" title=\"Required\">*<\/abbr><\/label><input type=\"text\" id=\"evf-10-field_iABe0WXkox-3\" class=\"input-text\" name=\"everest_forms[form_fields][iABe0WXkox-3]\" required><\/div><\/div><\/div><div class=\"evf-frontend-row\" data-row=\"row_11\" conditional_rules=\"[]\"><div class=\"evf-frontend-grid evf-grid-1\" data-grid=\"grid_1\"><div id=\"evf-10-field_X0Ai84d3k9-24-container\" class=\"evf-field evf-field-text form-row\" data-field-id=\"X0Ai84d3k9-24\"><label class=\"evf-field-label\" for=\"evf-10-field_X0Ai84d3k9-24\"><span class=\"evf-label\">I\u010c DPH<\/span> <\/label><input type=\"text\" id=\"evf-10-field_X0Ai84d3k9-24\" class=\"input-text\" name=\"everest_forms[form_fields][X0Ai84d3k9-24]\" ><\/div><\/div><\/div><div class=\"evf-frontend-row\" data-row=\"row_2\" conditional_rules=\"[]\"><div class=\"evf-frontend-grid evf-grid-2\" data-grid=\"grid_1\"><div id=\"evf-10-field_O6C2P1tS5e-4-container\" class=\"evf-field evf-field-text form-row validate-required\" data-required-field-message=\"This field is required.\" data-field-id=\"O6C2P1tS5e-4\"><label class=\"evf-field-label\" for=\"evf-10-field_O6C2P1tS5e-4\"><span class=\"evf-label\">Ulica<\/span> <abbr class=\"required\" title=\"Required\">*<\/abbr><\/label><input type=\"text\" id=\"evf-10-field_O6C2P1tS5e-4\" class=\"input-text\" name=\"everest_forms[form_fields][O6C2P1tS5e-4]\" required><\/div><\/div><div class=\"evf-frontend-grid evf-grid-2\" data-grid=\"grid_2\"><div id=\"evf-10-field_g7tyHq73uw-5-container\" class=\"evf-field evf-field-text form-row validate-required\" data-required-field-message=\"This field is required.\" data-field-id=\"g7tyHq73uw-5\"><label class=\"evf-field-label\" for=\"evf-10-field_g7tyHq73uw-5\"><span class=\"evf-label\">\u010c\u00edslo (orienta\u010dn\u00e9 a\/alebo popisn\u00e9)<\/span> <abbr class=\"required\" title=\"Required\">*<\/abbr><\/label><input type=\"text\" id=\"evf-10-field_g7tyHq73uw-5\" class=\"input-text\" name=\"everest_forms[form_fields][g7tyHq73uw-5]\" required><\/div><\/div><\/div><div class=\"evf-frontend-row\" data-row=\"row_9\" conditional_rules=\"[]\"><div class=\"evf-frontend-grid evf-grid-2\" data-grid=\"grid_1\"><div id=\"evf-10-field_4cjNJmWkDt-6-container\" class=\"evf-field evf-field-text form-row validate-required\" data-required-field-message=\"This field is required.\" data-field-id=\"4cjNJmWkDt-6\"><label class=\"evf-field-label\" for=\"evf-10-field_4cjNJmWkDt-6\"><span class=\"evf-label\">Mesto<\/span> <abbr class=\"required\" title=\"Required\">*<\/abbr><\/label><input type=\"text\" id=\"evf-10-field_4cjNJmWkDt-6\" class=\"input-text\" name=\"everest_forms[form_fields][4cjNJmWkDt-6]\" required><\/div><\/div><div class=\"evf-frontend-grid evf-grid-2\" data-grid=\"grid_2\"><div id=\"evf-10-field_e9Aba5m824-7-container\" class=\"evf-field evf-field-text form-row validate-required\" data-required-field-message=\"This field is required.\" data-field-id=\"e9Aba5m824-7\"><label class=\"evf-field-label\" for=\"evf-10-field_e9Aba5m824-7\"><span class=\"evf-label\">PS\u010c<\/span> <abbr class=\"required\" title=\"Required\">*<\/abbr><\/label><input type=\"text\" id=\"evf-10-field_e9Aba5m824-7\" class=\"input-text\" name=\"everest_forms[form_fields][e9Aba5m824-7]\" required><\/div><\/div><\/div><div class=\"evf-frontend-row\" data-row=\"row_5\" conditional_rules=\"[]\"><div class=\"evf-frontend-grid evf-grid-1\" data-grid=\"grid_1\"><div id=\"evf-10-field_vk1scW5HuJ-19-container\" class=\"evf-field evf-field-text form-row validate-required\" data-required-field-message=\"This field is required.\" data-field-id=\"vk1scW5HuJ-19\"><label class=\"evf-field-label\" for=\"evf-10-field_vk1scW5HuJ-19\"><span class=\"evf-label\">\u0160t\u00e1t<\/span> <abbr class=\"required\" title=\"Required\">*<\/abbr><\/label><input type=\"text\" id=\"evf-10-field_vk1scW5HuJ-19\" class=\"input-text\" name=\"everest_forms[form_fields][vk1scW5HuJ-19]\" required><\/div><\/div><\/div><div class=\"evf-frontend-row\" data-row=\"row_4\" conditional_rules=\"[]\"><div class=\"evf-frontend-grid evf-grid-2\" data-grid=\"grid_1\"><div id=\"evf-10-field_72Lsuuxi3A-10-container\" class=\"evf-field evf-field-first-name form-row validate-required\" data-required-field-message=\"This field is required.\" data-field-id=\"72Lsuuxi3A-10\"><label class=\"evf-field-label\" for=\"evf-10-field_72Lsuuxi3A-10\"><span class=\"evf-label\">Opr\u00e1vnen\u00e1 osoba: Meno<\/span> <abbr class=\"required\" title=\"Required\">*<\/abbr><\/label><input type=\"text\" id=\"evf-10-field_72Lsuuxi3A-10\" class=\"input-text\" name=\"everest_forms[form_fields][72Lsuuxi3A-10]\" required><\/div><\/div><div class=\"evf-frontend-grid evf-grid-2\" data-grid=\"grid_2\"><div id=\"evf-10-field_0Cmm314ekj-11-container\" class=\"evf-field evf-field-last-name form-row validate-required\" data-required-field-message=\"This field is required.\" data-field-id=\"0Cmm314ekj-11\"><label class=\"evf-field-label\" for=\"evf-10-field_0Cmm314ekj-11\"><span class=\"evf-label\">Priezvisko<\/span> <abbr class=\"required\" title=\"Required\">*<\/abbr><\/label><input type=\"text\" id=\"evf-10-field_0Cmm314ekj-11\" class=\"input-text\" name=\"everest_forms[form_fields][0Cmm314ekj-11]\" required><\/div><\/div><\/div><div class=\"evf-frontend-row\" data-row=\"row_6\" conditional_rules=\"[]\"><div class=\"evf-frontend-grid evf-grid-1\" data-grid=\"grid_1\"><div id=\"evf-10-field_mwW8S80DbH-17-container\" class=\"evf-field evf-field-select form-row\" data-field-id=\"mwW8S80DbH-17\"><label class=\"evf-field-label\" for=\"evf-10-field_mwW8S80DbH-17\"><span class=\"evf-label\">Funkcia<\/span> <\/label><select id=\"evf-10-field_mwW8S80DbH-17\" class=\"input-text\" name=\"everest_forms[form_fields][mwW8S80DbH-17]\" ><option value=\"\" class=\"placeholder\" disabled  selected='selected'>Vyberte funkciu<\/option><option value=\"\u010clen \u0161tatut\u00e1rneho org\u00e1nu\" >\u010clen \u0161tatut\u00e1rneho org\u00e1nu<\/option><option value=\"Splnomocnenec\" >Splnomocnenec<\/option><\/select><\/div><div id=\"evf-10-field_lMhe3nznTa-12-container\" class=\"evf-field evf-field-text form-row validate-required\" data-required-field-message=\"This field is required.\" data-field-id=\"lMhe3nznTa-12\"><label class=\"evf-field-label\" for=\"evf-10-field_lMhe3nznTa-12\"><span class=\"evf-label\">Banka (N\u00e1zov)<\/span> <abbr class=\"required\" title=\"Required\">*<\/abbr><\/label><input type=\"text\" id=\"evf-10-field_lMhe3nznTa-12\" class=\"input-text\" name=\"everest_forms[form_fields][lMhe3nznTa-12]\" required><\/div><\/div><\/div><div class=\"evf-frontend-row\" data-row=\"row_3\" conditional_rules=\"[]\"><div class=\"evf-frontend-grid evf-grid-2\" data-grid=\"grid_1\"><div id=\"evf-10-field_upvfFKisZD-13-container\" class=\"evf-field evf-field-text form-row validate-required\" data-required-field-message=\"This field is required.\" data-field-id=\"upvfFKisZD-13\"><label class=\"evf-field-label\" for=\"evf-10-field_upvfFKisZD-13\"><span class=\"evf-label\">IBAN<\/span> <abbr class=\"required\" title=\"Required\">*<\/abbr><\/label><input type=\"text\" id=\"evf-10-field_upvfFKisZD-13\" class=\"input-text\" name=\"everest_forms[form_fields][upvfFKisZD-13]\" required><\/div><\/div><div class=\"evf-frontend-grid evf-grid-2\" data-grid=\"grid_2\"><div id=\"evf-10-field_X6jbpa1Ivz-14-container\" class=\"evf-field evf-field-text form-row\" data-field-id=\"X6jbpa1Ivz-14\"><label class=\"evf-field-label\" for=\"evf-10-field_X6jbpa1Ivz-14\"><span class=\"evf-label\">SWIFT<\/span> <\/label><input type=\"text\" id=\"evf-10-field_X6jbpa1Ivz-14\" class=\"input-text\" name=\"everest_forms[form_fields][X6jbpa1Ivz-14]\" ><\/div><\/div><\/div><div class=\"evf-frontend-row\" data-row=\"row_8\" conditional_rules=\"[]\"><div class=\"evf-frontend-grid evf-grid-2\" data-grid=\"grid_1\"><div id=\"evf-10-field_gGFZxltwJ6-16-container\" class=\"evf-field evf-field-text form-row\" data-field-id=\"gGFZxltwJ6-16\"><label class=\"evf-field-label\" for=\"evf-10-field_gGFZxltwJ6-16\"><span class=\"evf-label\">\u010c\u00edslo registr\u00e1cie e-Toll<\/span> <\/label><input type=\"text\" id=\"evf-10-field_gGFZxltwJ6-16\" class=\"input-text\" name=\"everest_forms[form_fields][gGFZxltwJ6-16]\" ><\/div><\/div><div class=\"evf-frontend-grid evf-grid-2\" data-grid=\"grid_2\"><div id=\"evf-10-field_IVig3Bu6cr-18-container\" class=\"evf-field evf-field-number form-row validate-required\" data-required-field-message=\"Please enter a valid number.\" data-field-id=\"IVig3Bu6cr-18\"><label class=\"evf-field-label\" for=\"evf-10-field_IVig3Bu6cr-18\"><span class=\"evf-label\">Po\u010det OBU jednotiek<\/span> <abbr class=\"required\" title=\"Required\">*<\/abbr><\/label><input type=\"number\" id=\"evf-10-field_IVig3Bu6cr-18\" class=\"input-text\" name=\"everest_forms[form_fields][IVig3Bu6cr-18]\" value=\"1\" step=\"1\" min=\"1\" required\/><\/div><\/div><\/div><div class=\"evf-frontend-row\" data-row=\"row_10\" conditional_rules=\"[]\"><div class=\"evf-frontend-grid evf-grid-2\" data-grid=\"grid_1\"><div id=\"evf-10-field_R5hNuGHgWX-21-container\" class=\"evf-field evf-field-radio form-row validate-required\" data-required-field-message=\"This field is required.\" data-field-id=\"R5hNuGHgWX-21\"><label class=\"evf-field-label\" for=\"evf-10-field_R5hNuGHgWX-21\"><span class=\"evf-label\">Faktura\u010dn\u00e9 obdobie<\/span> <abbr class=\"required\" title=\"Required\">*<\/abbr><\/label><ul id=\"evf-10-field_R5hNuGHgWX-21\" class=\" evf-field-required\"><li class=\"choice-1 depth-1\"><input type=\"radio\" id=\"evf-10-field_R5hNuGHgWX-21_1\" class=\"input-text\" name=\"everest_forms[form_fields][R5hNuGHgWX-21]\" value=\"6 mesiacov\" required ><label class=\"everest-forms-field-label-inline\" for=\"evf-10-field_R5hNuGHgWX-21_1\">6 mesiacov<\/label><\/li><li class=\"choice-2 depth-1\"><input type=\"radio\" id=\"evf-10-field_R5hNuGHgWX-21_2\" class=\"input-text\" name=\"everest_forms[form_fields][R5hNuGHgWX-21]\" value=\"12 mesiacov\" required ><label class=\"everest-forms-field-label-inline\" for=\"evf-10-field_R5hNuGHgWX-21_2\">12 mesiacov<\/label><\/li><\/ul><div class=\"evf-field-description\">\u00dahrada vopred za vybran\u00e9 obdobie sa vypo\u010d\u00edta: \r\nPo\u010det OBU x Mesa\u010dn\u00fd poplatok x Po\u010det mesiacov <\/div><\/div><\/div><div class=\"evf-frontend-grid evf-grid-2\" data-grid=\"grid_2\"><div id=\"evf-10-field_wOb2ByqGy3-22-container\" class=\"evf-field evf-field-radio form-row validate-required\" data-required-field-message=\"This field is required.\" data-field-id=\"wOb2ByqGy3-22\"><label class=\"evf-field-label\" for=\"evf-10-field_wOb2ByqGy3-22\"><span class=\"evf-label\">Sp\u00f4sob doru\u010denia OBU<\/span> <abbr class=\"required\" title=\"Required\">*<\/abbr><\/label><ul id=\"evf-10-field_wOb2ByqGy3-22\" class=\" evf-field-required\"><li class=\"choice-1 depth-1\"><input type=\"radio\" id=\"evf-10-field_wOb2ByqGy3-22_1\" class=\"input-text\" name=\"everest_forms[form_fields][wOb2ByqGy3-22]\" value=\"Osobne na sklade Poskytovate\u013ea (Zdarma)\" required ><label class=\"everest-forms-field-label-inline\" for=\"evf-10-field_wOb2ByqGy3-22_1\">Osobne na sklade Poskytovate\u013ea (Zdarma)<\/label><\/li><li class=\"choice-2 depth-1\"><input type=\"radio\" id=\"evf-10-field_wOb2ByqGy3-22_2\" class=\"input-text\" name=\"everest_forms[form_fields][wOb2ByqGy3-22]\" value=\"Kuri\u00e9rom na va\u0161u adresu pod\u013ea dojednan\u00fdch podmienok\" required ><label class=\"everest-forms-field-label-inline\" for=\"evf-10-field_wOb2ByqGy3-22_2\">Kuri\u00e9rom na va\u0161u adresu pod\u013ea dojednan\u00fdch podmienok<\/label><\/li><\/ul><div class=\"evf-field-description\">Sklad Poskytovate\u013ea na adrese Hodon\u00ednska 25, 841 03 Bratislava (Google maps s\u00faradnice: 48.2062, 17.0402)<\/div><\/div><\/div><\/div><\/div><div class=\"evf-honeypot-container evf-field-hp\"><label for=\"evf-10-field-hp\" class=\"evf-field-label\">Message<\/label><input type=\"text\" name=\"everest_forms[hp]\" id=\"evf-10-field-hp\" class=\"input-text\"><\/div><div class=\"evf-recaptcha-container recaptcha-hidden\" style=\"display:block\"><input type=\"hidden\" name=\"everest_forms[recaptcha]\" value=\"\"><\/div><div class=\"evf-submit-container \" ><input type=\"hidden\" name=\"everest_forms[id]\" value=\"10\"><input type=\"hidden\" name=\"everest_forms[author]\" value=\"3\"><button type='submit' name='everest_forms[submit]' class='everest-forms-submit-button button evf-submit ' id='evf-submit-10' value='evf-submit' data-process-text=\"Odosielam ...\" conditional_rules='&quot;&quot;' conditional_id='evf-submit-10'  id=\"evf-submit-10\" aria-live=\"assertive\">Odosla\u0165<\/button><\/div><\/form><\/div><!-- .evf-container --><\/div>\n\n\n\n<p><\/p>\n","protected":false},"excerpt":{"rendered":"","protected":false},"author":3,"featured_media":212,"parent":0,"menu_order":0,"comment_status":"closed","ping_status":"closed","template":"single-registracia.php","meta":{"footnotes":""},"acf":[],"_links":{"self":[{"href":"https:\/\/www.pay-system.eu\/sk\/wp-json\/wp\/v2\/pages\/129"}],"collection":[{"href":"https:\/\/www.pay-system.eu\/sk\/wp-json\/wp\/v2\/pages"}],"about":[{"href":"https:\/\/www.pay-system.eu\/sk\/wp-json\/wp\/v2\/types\/page"}],"author":[{"embeddable":true,"href":"https:\/\/www.pay-system.eu\/sk\/wp-json\/wp\/v2\/users\/3"}],"replies":[{"embeddable":true,"href":"https:\/\/www.pay-system.eu\/sk\/wp-json\/wp\/v2\/comments?post=129"}],"version-history":[{"count":2,"href":"https:\/\/www.pay-system.eu\/sk\/wp-json\/wp\/v2\/pages\/129\/revisions"}],"predecessor-version":[{"id":150,"href":"https:\/\/www.pay-system.eu\/sk\/wp-json\/wp\/v2\/pages\/129\/revisions\/150"}],"wp:featuredmedia":[{"embeddable":true,"href":"https:\/\/www.pay-system.eu\/sk\/wp-json\/wp\/v2\/media\/212"}],"wp:attachment":[{"href":"https:\/\/www.pay-system.eu\/sk\/wp-json\/wp\/v2\/media?parent=129"}],"curies":[{"name":"wp","href":"https:\/\/api.w.org\/{rel}","templated":true}]}}