{"id":904,"date":"2022-02-01T13:39:25","date_gmt":"2022-02-01T12:39:25","guid":{"rendered":"https:\/\/www.pay-system.eu\/jak-spravovat-soubory-cookie\/"},"modified":"2022-03-11T11:41:47","modified_gmt":"2022-03-11T10:41:47","slug":"ako-mozete-spravovat-subory-cookie","status":"publish","type":"page","link":"https:\/\/www.pay-system.eu\/sk\/ako-mozete-spravovat-subory-cookie\/","title":{"rendered":"Ako m\u00f4\u017eete spravova\u0165 s\u00fabory cookie?"},"content":{"rendered":"\n<h3 class=\"wp-block-heading\">Odstr\u00e1nenie s\u00faborov cookies zo zariadenia<\/h3>\n\n\n\n<p>Vymazan\u00edm hist\u00f3rie prehliadania vo svojom prehliada\u010di m\u00f4\u017eete odstr\u00e1ni\u0165 v\u0161etky s\u00fabory cookie, ktor\u00e9 sa vo va\u0161om zariaden\u00ed u\u017e nach\u00e1dzaj\u00fa. Odstr\u00e1nite tak v\u0161etky s\u00fabory cookie zo v\u0161etk\u00fdch nav\u0161t\u00edven\u00fdch webov\u00fdch s\u00eddel. Upozor\u0148ujeme v\u0161ak, \u017ee m\u00f4\u017eete pr\u00eds\u0165 aj o niektor\u00e9 ulo\u017een\u00e9 inform\u00e1cie (napr\u00edklad ulo\u017een\u00e9 prihlasovacie \u00fadaje, preferencie na webovom s\u00eddle).<\/p>\n\n\n\n<h3 class=\"wp-block-heading\">Spr\u00e1va s\u00faborov cookie, ktor\u00e9 s\u00fa \u0161pecifick\u00e9 pre dan\u00e9 webov\u00e9 s\u00eddlo<\/h3>\n\n\n\n<p>Ak chcete z\u00edska\u0165 podrobnej\u0161ie inform\u00e1cie o s\u00faboroch cookie, ktor\u00e9 s\u00fa \u0161pecifick\u00e9 pre dan\u00e9 webov\u00e9 s\u00eddlo, skontrolujte si vo svojom ob\u013e\u00fabenom prehliada\u010di nastavenia ochrany osobn\u00fdch \u00fadajov a s\u00faborov cookie.<\/p>\n\n\n\n<h3 class=\"wp-block-heading\">Blokovanie s\u00faborov cookie<\/h3>\n\n\n\n<p>V\u00e4\u010d\u0161inu modern\u00fdch prehliada\u010dov m\u00f4\u017eete nastavi\u0165 tak, aby zabr\u00e1nili ukladaniu v\u0161etk\u00fdch s\u00faborov cookie do v\u00e1\u0161ho zariadenia; v takom pr\u00edpade v\u0161ak niektor\u00e9 preferencie mo\u017eno budete musie\u0165 upravova\u0165 manu\u00e1lne pri ka\u017edej n\u00e1v\u0161teve webov\u00e9ho s\u00eddla\/webovej str\u00e1nky. Niektor\u00e9 slu\u017eby a funkcie navy\u0161e v\u00f4bec nemusia fungova\u0165 spr\u00e1vne (napr. prihlasovanie sa do profilu).<\/p>\n","protected":false},"excerpt":{"rendered":"<p>Odstr\u00e1nenie s\u00faborov cookies zo zariadenia Vymazan\u00edm hist\u00f3rie prehliadania vo svojom prehliada\u010di m\u00f4\u017eete odstr\u00e1ni\u0165 v\u0161etky s\u00fabory cookie, ktor\u00e9 sa vo va\u0161om zariaden\u00ed u\u017e nach\u00e1dzaj\u00fa. Odstr\u00e1nite tak v\u0161etky s\u00fabory cookie zo v\u0161etk\u00fdch nav\u0161t\u00edven\u00fdch webov\u00fdch s\u00eddel. Upozor\u0148ujeme v\u0161ak, \u017ee m\u00f4\u017eete pr\u00eds\u0165 aj o niektor\u00e9 ulo\u017een\u00e9 inform\u00e1cie (napr\u00edklad ulo\u017een\u00e9 prihlasovacie \u00fadaje, preferencie na webovom s\u00eddle). Spr\u00e1va s\u00faborov cookie, ktor\u00e9 [&hellip;]<\/p>\n","protected":false},"author":3,"featured_media":12,"parent":0,"menu_order":0,"comment_status":"closed","ping_status":"closed","template":"post.php","meta":{"footnotes":""},"acf":[],"_links":{"self":[{"href":"https:\/\/www.pay-system.eu\/sk\/wp-json\/wp\/v2\/pages\/904"}],"collection":[{"href":"https:\/\/www.pay-system.eu\/sk\/wp-json\/wp\/v2\/pages"}],"about":[{"href":"https:\/\/www.pay-system.eu\/sk\/wp-json\/wp\/v2\/types\/page"}],"author":[{"embeddable":true,"href":"https:\/\/www.pay-system.eu\/sk\/wp-json\/wp\/v2\/users\/3"}],"replies":[{"embeddable":true,"href":"https:\/\/www.pay-system.eu\/sk\/wp-json\/wp\/v2\/comments?post=904"}],"version-history":[{"count":1,"href":"https:\/\/www.pay-system.eu\/sk\/wp-json\/wp\/v2\/pages\/904\/revisions"}],"predecessor-version":[{"id":906,"href":"https:\/\/www.pay-system.eu\/sk\/wp-json\/wp\/v2\/pages\/904\/revisions\/906"}],"wp:featuredmedia":[{"embeddable":true,"href":"https:\/\/www.pay-system.eu\/sk\/wp-json\/wp\/v2\/media\/12"}],"wp:attachment":[{"href":"https:\/\/www.pay-system.eu\/sk\/wp-json\/wp\/v2\/media?parent=904"}],"curies":[{"name":"wp","href":"https:\/\/api.w.org\/{rel}","templated":true}]}}